{"id":7300,"date":"2026-01-10T13:43:03","date_gmt":"2026-01-10T12:43:03","guid":{"rendered":"https:\/\/rchcc83.mediassos.fr\/?page_id=7300"},"modified":"2026-01-10T13:44:51","modified_gmt":"2026-01-10T12:44:51","slug":"actus","status":"publish","type":"page","link":"https:\/\/rchcc83.mediassos.fr\/en\/actus\/","title":{"rendered":"ACTUS"},"content":{"rendered":"<div data-elementor-type=\"wp-page\" data-elementor-id=\"7300\" class=\"elementor elementor-7300\" data-elementor-post-type=\"page\">\n\t\t\t\t<div class=\"elementor-element elementor-element-de8fbf0 e-con-full e-flex e-con e-parent\" data-id=\"de8fbf0\" data-element_type=\"container\" data-e-type=\"container\">\n\t\t\t\t<div class=\"elementor-element elementor-element-e8f69f2 elementor-grid-3 elementor-grid-tablet-2 elementor-grid-mobile-1 elementor-posts--thumbnail-top elementor-posts--show-avatar elementor-card-shadow-yes elementor-posts__hover-gradient elementor-widget elementor-widget-posts\" data-id=\"e8f69f2\" data-element_type=\"widget\" data-e-type=\"widget\" data-settings=\"{&quot;cards_columns&quot;:&quot;3&quot;,&quot;cards_columns_tablet&quot;:&quot;2&quot;,&quot;cards_columns_mobile&quot;:&quot;1&quot;,&quot;cards_row_gap&quot;:{&quot;unit&quot;:&quot;px&quot;,&quot;size&quot;:35,&quot;sizes&quot;:[]},&quot;cards_row_gap_tablet&quot;:{&quot;unit&quot;:&quot;px&quot;,&quot;size&quot;:&quot;&quot;,&quot;sizes&quot;:[]},&quot;cards_row_gap_mobile&quot;:{&quot;unit&quot;:&quot;px&quot;,&quot;size&quot;:&quot;&quot;,&quot;sizes&quot;:[]}}\" data-widget_type=\"posts.cards\">\n\t\t\t\t<div class=\"elementor-widget-container\">\n\t\t\t\t\t\t\t<div class=\"elementor-posts-container elementor-posts elementor-posts--skin-cards elementor-grid\" role=\"list\">\n\t\t\t\t<article class=\"elementor-post elementor-grid-item post-8974 post type-post status-publish format-standard has-post-thumbnail hentry category-rugby-feminin\" role=\"listitem\">\n\t\t\t<div class=\"elementor-post__card\">\n\t\t\t\t<a class=\"elementor-post__thumbnail__link\" href=\"https:\/\/rchcc83.mediassos.fr\/en\/section-rchcc83-feminines-oser-rugby\/\" tabindex=\"-1\"><div class=\"elementor-post__thumbnail\"><img fetchpriority=\"high\" decoding=\"async\" width=\"1200\" height=\"630\" src=\"https:\/\/rchcc83.mediassos.fr\/wp-content\/uploads\/2026\/02\/Image-Mise-en-avant-RCHCC83-Feminines.svg\" class=\"attachment-full size-full wp-image-8981\" alt=\"\" \/><\/div><\/a>\n\t\t\t\t<div class=\"elementor-post__badge\">Rugby f\u00e9minin<\/div>\n\t\t\t\t<div class=\"elementor-post__avatar\">\n\t\t\t\t\t<\/div>\n\t\t\t\t<div class=\"elementor-post__text\">\n\t\t\t\t<h3 class=\"elementor-post__title\">\n\t\t\t<a href=\"https:\/\/rchcc83.mediassos.fr\/en\/section-rchcc83-feminines-oser-rugby\/\">\n\t\t\t\tSection RCHCC83 f\u00e9minines : Osez le rugby, transformez votre vie !\t\t\t<\/a>\n\t\t<\/h3>\n\t\t\t\t<div class=\"elementor-post__excerpt\">\n\t\t\t<p>Le rugby n\u2019est plus un sport r\u00e9serv\u00e9 aux hommes. Aujourd\u2019hui, une pratiquante sur quatre dans le monde est une femme, et cette tendance ne cesse<\/p>\n\t\t<\/div>\n\t\t\n\t\t<a class=\"elementor-post__read-more\" href=\"https:\/\/rchcc83.mediassos.fr\/en\/section-rchcc83-feminines-oser-rugby\/\" aria-label=\"Read more about Section RCHCC83 f\u00e9minines : Osez le rugby, transformez votre vie !\" tabindex=\"-1\">\n\t\t\tLire la suite \u00bb\t\t<\/a>\n\n\t\t\t\t<\/div>\n\t\t\t\t<div class=\"elementor-post__meta-data\">\n\t\t\t\t\t<span class=\"elementor-post-date\">\n\t\t\t23 February 2026\t\t<\/span>\n\t\t\t\t<span class=\"elementor-post-avatar\">\n\t\t\tNo Comments\t\t<\/span>\n\t\t\t\t<\/div>\n\t\t\t\t\t<\/div>\n\t\t<\/article>\n\t\t\t\t<article class=\"elementor-post elementor-grid-item post-7836 post type-post status-publish format-standard has-post-thumbnail hentry category-revue-de-presse\" role=\"listitem\">\n\t\t\t<div class=\"elementor-post__card\">\n\t\t\t\t<a class=\"elementor-post__thumbnail__link\" href=\"https:\/\/rchcc83.mediassos.fr\/en\/rugby-regional-hyeres-sarreter-midol\/\" tabindex=\"-1\"><div class=\"elementor-post__thumbnail\"><img decoding=\"async\" width=\"1200\" height=\"630\" data-src=\"https:\/\/rchcc83.mediassos.fr\/wp-content\/uploads\/2026\/01\/Revue-Presse-Rugby-MIDOL.svg\" class=\"attachment-full size-full wp-image-8914 lazyload\" alt=\"\" src=\"data:image\/svg+xml;base64,PHN2ZyB3aWR0aD0iMSIgaGVpZ2h0PSIxIiB4bWxucz0iaHR0cDovL3d3dy53My5vcmcvMjAwMC9zdmciPjwvc3ZnPg==\" style=\"--smush-placeholder-width: 1200px; --smush-placeholder-aspect-ratio: 1200\/630;\" \/><\/div><\/a>\n\t\t\t\t<div class=\"elementor-post__badge\">Revue de Presse<\/div>\n\t\t\t\t<div class=\"elementor-post__avatar\">\n\t\t\t\t\t<\/div>\n\t\t\t\t<div class=\"elementor-post__text\">\n\t\t\t\t<h3 class=\"elementor-post__title\">\n\t\t\t<a href=\"https:\/\/rchcc83.mediassos.fr\/en\/rugby-regional-hyeres-sarreter-midol\/\">\n\t\t\t\tRugby r\u00e9gional &#8211; Hy\u00e8res ne veut pas s&rsquo;arr\u00eater l\u00e0 &#8211; MIDI OLYMPIQUE\t\t\t<\/a>\n\t\t<\/h3>\n\t\t\t\t<div class=\"elementor-post__excerpt\">\n\t\t\t<p>rugby r\u00e9gional Hy\u00e8res Il y a quelques mois seulement, l\u2019avenir du rugby \u00e0 Hy\u00e8res semblait incertain. Le 5 ao\u00fbt dernier, le d\u00e9p\u00f4t de bilan du<\/p>\n\t\t<\/div>\n\t\t\n\t\t<a class=\"elementor-post__read-more\" href=\"https:\/\/rchcc83.mediassos.fr\/en\/rugby-regional-hyeres-sarreter-midol\/\" aria-label=\"Read more about Rugby r\u00e9gional &#8211; Hy\u00e8res ne veut pas s&rsquo;arr\u00eater l\u00e0 &#8211; MIDI OLYMPIQUE\" tabindex=\"-1\">\n\t\t\tLire la suite \u00bb\t\t<\/a>\n\n\t\t\t\t<\/div>\n\t\t\t\t<div class=\"elementor-post__meta-data\">\n\t\t\t\t\t<span class=\"elementor-post-date\">\n\t\t\t22 January 2026\t\t<\/span>\n\t\t\t\t<span class=\"elementor-post-avatar\">\n\t\t\tNo Comments\t\t<\/span>\n\t\t\t\t<\/div>\n\t\t\t\t\t<\/div>\n\t\t<\/article>\n\t\t\t\t<article class=\"elementor-post elementor-grid-item post-7580 post type-post status-publish format-standard has-post-thumbnail hentry category-revue-de-presse\" role=\"listitem\">\n\t\t\t<div class=\"elementor-post__card\">\n\t\t\t\t<a class=\"elementor-post__thumbnail__link\" href=\"https:\/\/rchcc83.mediassos.fr\/en\/finale-nationale-r3-midi-olympique\/\" tabindex=\"-1\"><div class=\"elementor-post__thumbnail\"><img decoding=\"async\" width=\"1200\" height=\"630\" data-src=\"https:\/\/rchcc83.mediassos.fr\/wp-content\/uploads\/2026\/01\/Revue-Presse-Rugby-MIDOL.svg\" class=\"attachment-full size-full wp-image-8914 lazyload\" alt=\"\" src=\"data:image\/svg+xml;base64,PHN2ZyB3aWR0aD0iMSIgaGVpZ2h0PSIxIiB4bWxucz0iaHR0cDovL3d3dy53My5vcmcvMjAwMC9zdmciPjwvc3ZnPg==\" style=\"--smush-placeholder-width: 1200px; --smush-placeholder-aspect-ratio: 1200\/630;\" \/><\/div><\/a>\n\t\t\t\t<div class=\"elementor-post__badge\">Revue de Presse<\/div>\n\t\t\t\t<div class=\"elementor-post__avatar\">\n\t\t\t\t\t<\/div>\n\t\t\t\t<div class=\"elementor-post__text\">\n\t\t\t\t<h3 class=\"elementor-post__title\">\n\t\t\t<a href=\"https:\/\/rchcc83.mediassos.fr\/en\/finale-nationale-r3-midi-olympique\/\">\n\t\t\t\tFinale NATIONALE R3 : Lieuran r\u00e9siste, mais le bouclier part \u00e0 Hy\u00e8res Carqueiranne &#8211; MIDI OLYMPIQUE\t\t\t<\/a>\n\t\t<\/h3>\n\t\t\t\t<div class=\"elementor-post__excerpt\">\n\t\t\t<p>Finale NATIONALE R3 Apr\u00e8s une saison marqu\u00e9e par des performances remarquables, les joueurs d\u2019Hy\u00e8res-Carqueiranne ont inscrit leur nom au palmar\u00e8s du rugby fran\u00e7ais en remportant<\/p>\n\t\t<\/div>\n\t\t\n\t\t<a class=\"elementor-post__read-more\" href=\"https:\/\/rchcc83.mediassos.fr\/en\/finale-nationale-r3-midi-olympique\/\" aria-label=\"Read more about Finale NATIONALE R3 : Lieuran r\u00e9siste, mais le bouclier part \u00e0 Hy\u00e8res Carqueiranne &#8211; MIDI OLYMPIQUE\" tabindex=\"-1\">\n\t\t\tLire la suite \u00bb\t\t<\/a>\n\n\t\t\t\t<\/div>\n\t\t\t\t<div class=\"elementor-post__meta-data\">\n\t\t\t\t\t<span class=\"elementor-post-date\">\n\t\t\t17 January 2026\t\t<\/span>\n\t\t\t\t<span class=\"elementor-post-avatar\">\n\t\t\tNo Comments\t\t<\/span>\n\t\t\t\t<\/div>\n\t\t\t\t\t<\/div>\n\t\t<\/article>\n\t\t\t\t<article class=\"elementor-post elementor-grid-item post-6800 post type-post status-publish format-standard has-post-thumbnail hentry category-promotion-du-rugby\" role=\"listitem\">\n\t\t\t<div class=\"elementor-post__card\">\n\t\t\t\t<a class=\"elementor-post__thumbnail__link\" href=\"https:\/\/rchcc83.mediassos.fr\/en\/inscrire-son-enfant-au-rugby\/\" tabindex=\"-1\"><div class=\"elementor-post__thumbnail\"><img decoding=\"async\" width=\"1200\" height=\"630\" data-src=\"https:\/\/rchcc83.mediassos.fr\/wp-content\/uploads\/2025\/12\/IMA-Rugby-Enfants.svg\" class=\"attachment-full size-full wp-image-6834 lazyload\" alt=\"\" src=\"data:image\/svg+xml;base64,PHN2ZyB3aWR0aD0iMSIgaGVpZ2h0PSIxIiB4bWxucz0iaHR0cDovL3d3dy53My5vcmcvMjAwMC9zdmciPjwvc3ZnPg==\" style=\"--smush-placeholder-width: 1200px; --smush-placeholder-aspect-ratio: 1200\/630;\" \/><\/div><\/a>\n\t\t\t\t<div class=\"elementor-post__badge\">Promotion du Rugby<\/div>\n\t\t\t\t<div class=\"elementor-post__avatar\">\n\t\t\t\t\t<\/div>\n\t\t\t\t<div class=\"elementor-post__text\">\n\t\t\t\t<h3 class=\"elementor-post__title\">\n\t\t\t<a href=\"https:\/\/rchcc83.mediassos.fr\/en\/inscrire-son-enfant-au-rugby\/\">\n\t\t\t\tPourquoi inscrire votre enfant au rugby ? 5 facteurs imparables d&rsquo;\u00e9panouissement qui vont vous convaincre&#8230;\t\t\t<\/a>\n\t\t<\/h3>\n\t\t\t\t<div class=\"elementor-post__excerpt\">\n\t\t\t<p>Inscrire son enfant au rugby : avantages et bienfaits Le rugby, un sport complet aux origines riches N\u00e9 en 1823 en Angleterre lors d\u2019un match<\/p>\n\t\t<\/div>\n\t\t\n\t\t<a class=\"elementor-post__read-more\" href=\"https:\/\/rchcc83.mediassos.fr\/en\/inscrire-son-enfant-au-rugby\/\" aria-label=\"Read more about Pourquoi inscrire votre enfant au rugby ? 5 facteurs imparables d&rsquo;\u00e9panouissement qui vont vous convaincre&#8230;\" tabindex=\"-1\">\n\t\t\tLire la suite \u00bb\t\t<\/a>\n\n\t\t\t\t<\/div>\n\t\t\t\t<div class=\"elementor-post__meta-data\">\n\t\t\t\t\t<span class=\"elementor-post-date\">\n\t\t\t20 December 2025\t\t<\/span>\n\t\t\t\t<span class=\"elementor-post-avatar\">\n\t\t\tNo Comments\t\t<\/span>\n\t\t\t\t<\/div>\n\t\t\t\t\t<\/div>\n\t\t<\/article>\n\t\t\t\t<article class=\"elementor-post elementor-grid-item post-7676 post type-post status-publish format-standard has-post-thumbnail hentry category-revue-de-presse\" role=\"listitem\">\n\t\t\t<div class=\"elementor-post__card\">\n\t\t\t\t<a class=\"elementor-post__thumbnail__link\" href=\"https:\/\/rchcc83.mediassos.fr\/en\/rchcc83-club-de-rugby-dhyeres\/\" tabindex=\"-1\"><div class=\"elementor-post__thumbnail\"><img decoding=\"async\" width=\"1200\" height=\"630\" data-src=\"https:\/\/rchcc83.mediassos.fr\/wp-content\/uploads\/2025\/05\/Revue-de-Presse-Rugby-Var-matin.svg\" class=\"attachment-full size-full wp-image-7567 lazyload\" alt=\"Club de Rugby d&#039;Hy\u00e8res\" src=\"data:image\/svg+xml;base64,PHN2ZyB3aWR0aD0iMSIgaGVpZ2h0PSIxIiB4bWxucz0iaHR0cDovL3d3dy53My5vcmcvMjAwMC9zdmciPjwvc3ZnPg==\" style=\"--smush-placeholder-width: 1200px; --smush-placeholder-aspect-ratio: 1200\/630;\" \/><\/div><\/a>\n\t\t\t\t<div class=\"elementor-post__badge\">Revue de Presse<\/div>\n\t\t\t\t<div class=\"elementor-post__avatar\">\n\t\t\t\t\t<\/div>\n\t\t\t\t<div class=\"elementor-post__text\">\n\t\t\t\t<h3 class=\"elementor-post__title\">\n\t\t\t<a href=\"https:\/\/rchcc83.mediassos.fr\/en\/rchcc83-club-de-rugby-dhyeres\/\">\n\t\t\t\tLe RCHCC83, le club de rugby d&rsquo;Hy\u00e8res, \u00e9crit une nouvelle page de son histoire &#8211; Var-matin\t\t\t<\/a>\n\t\t<\/h3>\n\t\t\t\t<div class=\"elementor-post__excerpt\">\n\t\t\t<p>Il n\u2019est pas rare de voir les clubs de rugby profiter de l\u2019effet d\u2019entra\u00eenement g\u00e9n\u00e9r\u00e9 par les exploits de l\u2019\u00e9quipe de France pour attirer de<\/p>\n\t\t<\/div>\n\t\t\n\t\t<a class=\"elementor-post__read-more\" href=\"https:\/\/rchcc83.mediassos.fr\/en\/rchcc83-club-de-rugby-dhyeres\/\" aria-label=\"Read more about Le RCHCC83, le club de rugby d&rsquo;Hy\u00e8res, \u00e9crit une nouvelle page de son histoire &#8211; Var-matin\" tabindex=\"-1\">\n\t\t\tLire la suite \u00bb\t\t<\/a>\n\n\t\t\t\t<\/div>\n\t\t\t\t<div class=\"elementor-post__meta-data\">\n\t\t\t\t\t<span class=\"elementor-post-date\">\n\t\t\t4 October 2025\t\t<\/span>\n\t\t\t\t<span class=\"elementor-post-avatar\">\n\t\t\tNo Comments\t\t<\/span>\n\t\t\t\t<\/div>\n\t\t\t\t\t<\/div>\n\t\t<\/article>\n\t\t\t\t<article class=\"elementor-post elementor-grid-item post-7785 post type-post status-publish format-standard has-post-thumbnail hentry category-revue-de-presse\" role=\"listitem\">\n\t\t\t<div class=\"elementor-post__card\">\n\t\t\t\t<a class=\"elementor-post__thumbnail__link\" href=\"https:\/\/rchcc83.mediassos.fr\/en\/renaissance-rugby-var-midol\/\" tabindex=\"-1\"><div class=\"elementor-post__thumbnail\"><img decoding=\"async\" width=\"1200\" height=\"630\" data-src=\"https:\/\/rchcc83.mediassos.fr\/wp-content\/uploads\/2026\/01\/Revue-Presse-Rugby-MIDOL.svg\" class=\"attachment-full size-full wp-image-8914 lazyload\" alt=\"\" src=\"data:image\/svg+xml;base64,PHN2ZyB3aWR0aD0iMSIgaGVpZ2h0PSIxIiB4bWxucz0iaHR0cDovL3d3dy53My5vcmcvMjAwMC9zdmciPjwvc3ZnPg==\" style=\"--smush-placeholder-width: 1200px; --smush-placeholder-aspect-ratio: 1200\/630;\" \/><\/div><\/a>\n\t\t\t\t<div class=\"elementor-post__badge\">Revue de Presse<\/div>\n\t\t\t\t<div class=\"elementor-post__avatar\">\n\t\t\t\t\t<\/div>\n\t\t\t\t<div class=\"elementor-post__text\">\n\t\t\t\t<h3 class=\"elementor-post__title\">\n\t\t\t<a href=\"https:\/\/rchcc83.mediassos.fr\/en\/renaissance-rugby-var-midol\/\">\n\t\t\t\tAmateurs &#8211; \u00ab\u00a0Plus que jamais vivant\u00a0\u00bb : le RCHCC 83 fait vibrer le Var &#8211; MIDI OLYMPIQUE\t\t\t<\/a>\n\t\t<\/h3>\n\t\t\t\t<div class=\"elementor-post__excerpt\">\n\t\t\t<p>renaissance rugby var Un an apr\u00e8s un sinistre d\u00e9p\u00f4t de bilan, le RCHCC 83 a brill\u00e9 de mille feux en remportant deux boucliers. Les \u00ab<\/p>\n\t\t<\/div>\n\t\t\n\t\t<a class=\"elementor-post__read-more\" href=\"https:\/\/rchcc83.mediassos.fr\/en\/renaissance-rugby-var-midol\/\" aria-label=\"Read more about Amateurs &#8211; \u00ab\u00a0Plus que jamais vivant\u00a0\u00bb : le RCHCC 83 fait vibrer le Var &#8211; MIDI OLYMPIQUE\" tabindex=\"-1\">\n\t\t\tLire la suite \u00bb\t\t<\/a>\n\n\t\t\t\t<\/div>\n\t\t\t\t<div class=\"elementor-post__meta-data\">\n\t\t\t\t\t<span class=\"elementor-post-date\">\n\t\t\t7 July 2025\t\t<\/span>\n\t\t\t\t<span class=\"elementor-post-avatar\">\n\t\t\tNo Comments\t\t<\/span>\n\t\t\t\t<\/div>\n\t\t\t\t\t<\/div>\n\t\t<\/article>\n\t\t\t\t<\/div>\n\t\t\n\t\t\t\t\t\t<\/div>\n\t\t\t\t<\/div>\n\t\t\t\t<\/div>\n\t\t\t\t<\/div>","protected":false},"excerpt":{"rendered":"","protected":false},"author":1,"featured_media":0,"parent":0,"menu_order":0,"comment_status":"closed","ping_status":"closed","template":"","meta":{"rs_blank_template":"","rs_page_bg_color":"","slide_template_v7":"","inline_featured_image":false,"footnotes":""},"class_list":["post-7300","page","type-page","status-publish","hentry"],"_links":{"self":[{"href":"https:\/\/rchcc83.mediassos.fr\/en\/wp-json\/wp\/v2\/pages\/7300","targetHints":{"allow":["GET"]}}],"collection":[{"href":"https:\/\/rchcc83.mediassos.fr\/en\/wp-json\/wp\/v2\/pages"}],"about":[{"href":"https:\/\/rchcc83.mediassos.fr\/en\/wp-json\/wp\/v2\/types\/page"}],"author":[{"embeddable":true,"href":"https:\/\/rchcc83.mediassos.fr\/en\/wp-json\/wp\/v2\/users\/1"}],"replies":[{"embeddable":true,"href":"https:\/\/rchcc83.mediassos.fr\/en\/wp-json\/wp\/v2\/comments?post=7300"}],"version-history":[{"count":3,"href":"https:\/\/rchcc83.mediassos.fr\/en\/wp-json\/wp\/v2\/pages\/7300\/revisions"}],"predecessor-version":[{"id":7303,"href":"https:\/\/rchcc83.mediassos.fr\/en\/wp-json\/wp\/v2\/pages\/7300\/revisions\/7303"}],"wp:attachment":[{"href":"https:\/\/rchcc83.mediassos.fr\/en\/wp-json\/wp\/v2\/media?parent=7300"}],"curies":[{"name":"wp","href":"https:\/\/api.w.org\/{rel}","templated":true}]}}