{"id":9177,"date":"2026-03-02T13:02:07","date_gmt":"2026-03-02T12:02:07","guid":{"rendered":"https:\/\/rchcc83.mediassos.fr\/?post_type=product&#038;p=9177"},"modified":"2026-03-14T06:18:52","modified_gmt":"2026-03-14T05:18:52","slug":"maillot-fensif-rchcc83","status":"publish","type":"product","link":"https:\/\/rchcc83.mediassos.fr\/en\/product\/maillot-fensif-rchcc83\/","title":{"rendered":"Maillot Match Noir Eldera FENSIF RCHCC83"},"content":{"rendered":"<p>\u2022 Maillot bi mati\u00e8re avec empi\u00e8cement sublim\u00e9 et tissu mesh ultra respirant \u2022 Col et bout de manches en bords-c\u00f4tes \u2022 D\u00e9tail tricolore col et bande de propret\u00e9 int\u00e9rieure \u2022 Logo brod\u00e9 \u2022 Composition 100% polyester.<\/p>","protected":false},"excerpt":{"rendered":"<p>Maillot de Match noir, bi-mati\u00e8re, avec empi\u00e8cement sublim\u00e9 sur la partie avant. Logos sponsors s\u00e9rigraphi\u00e9s et logo Eldera brod\u00e9. Composition 100% polyester.<\/p>","protected":false},"featured_media":9221,"comment_status":"open","ping_status":"closed","template":"","meta":{"rs_blank_template":"","rs_page_bg_color":"","slide_template_v7":"","inline_featured_image":false},"product_brand":[],"product_cat":[67,141],"product_tag":[],"class_list":{"0":"post-9177","1":"product","2":"type-product","3":"status-publish","4":"has-post-thumbnail","6":"product_cat-maillot-match","7":"product_cat-tenues-officielles","9":"first","10":"instock","11":"shipping-taxable","12":"purchasable","13":"product-type-variable"},"_links":{"self":[{"href":"https:\/\/rchcc83.mediassos.fr\/en\/wp-json\/wp\/v2\/product\/9177","targetHints":{"allow":["GET"]}}],"collection":[{"href":"https:\/\/rchcc83.mediassos.fr\/en\/wp-json\/wp\/v2\/product"}],"about":[{"href":"https:\/\/rchcc83.mediassos.fr\/en\/wp-json\/wp\/v2\/types\/product"}],"replies":[{"embeddable":true,"href":"https:\/\/rchcc83.mediassos.fr\/en\/wp-json\/wp\/v2\/comments?post=9177"}],"version-history":[{"count":5,"href":"https:\/\/rchcc83.mediassos.fr\/en\/wp-json\/wp\/v2\/product\/9177\/revisions"}],"predecessor-version":[{"id":9358,"href":"https:\/\/rchcc83.mediassos.fr\/en\/wp-json\/wp\/v2\/product\/9177\/revisions\/9358"}],"wp:featuredmedia":[{"embeddable":true,"href":"https:\/\/rchcc83.mediassos.fr\/en\/wp-json\/wp\/v2\/media\/9221"}],"wp:attachment":[{"href":"https:\/\/rchcc83.mediassos.fr\/en\/wp-json\/wp\/v2\/media?parent=9177"}],"wp:term":[{"taxonomy":"product_brand","embeddable":true,"href":"https:\/\/rchcc83.mediassos.fr\/en\/wp-json\/wp\/v2\/product_brand?post=9177"},{"taxonomy":"product_cat","embeddable":true,"href":"https:\/\/rchcc83.mediassos.fr\/en\/wp-json\/wp\/v2\/product_cat?post=9177"},{"taxonomy":"product_tag","embeddable":true,"href":"https:\/\/rchcc83.mediassos.fr\/en\/wp-json\/wp\/v2\/product_tag?post=9177"}],"curies":[{"name":"wp","href":"https:\/\/api.w.org\/{rel}","templated":true}]}}