{"id":9479,"date":"2026-03-25T11:05:57","date_gmt":"2026-03-25T10:05:57","guid":{"rendered":"https:\/\/rchcc83.mediassos.fr\/?post_type=product&#038;p=9479"},"modified":"2026-03-25T11:38:53","modified_gmt":"2026-03-25T10:38:53","slug":"echarpe-supporter-bicolore-rchcc83","status":"publish","type":"product","link":"https:\/\/rchcc83.mediassos.fr\/en\/product\/echarpe-supporter-bicolore-rchcc83\/","title":{"rendered":"\u00c9charpe Supporter bicolore RCHCC83"},"content":{"rendered":"<p>\u00c9charpe frang\u00e9e RCHCC83 bicolore (vert et jaune) personnalis\u00e9e au logo du Club. Con\u00e7ue pour couvrir le cou et apporter un compl\u00e9ment de chaleur lors des d\u00e9placements ou des activit\u00e9s en ext\u00e9rieur. Finition frang\u00e9e.<\/p>\n<p>&#8211; Composition : non indiqu\u00e9e<br \/>\n&#8211; Dimensions : non indiqu\u00e9es<br \/>\n&#8211; Finition : franges<br \/>\n&#8211; Type : \u00e9charpe Grammage : 100g\/m\u00b2<\/p>","protected":false},"excerpt":{"rendered":"<p>\u00c9charpe frang\u00e9e RCHCC83 bicolore (vert et jaune) personnalis\u00e9e au logo du Club<\/p>","protected":false},"featured_media":9481,"comment_status":"open","ping_status":"closed","template":"","meta":{"rs_blank_template":"","rs_page_bg_color":"","slide_template_v7":"","inline_featured_image":false},"product_brand":[],"product_cat":[143,146],"product_tag":[],"class_list":{"0":"post-9479","1":"product","2":"type-product","3":"status-publish","4":"has-post-thumbnail","6":"product_cat-le-coin-des-boucans","7":"product_cat-goodies","9":"first","10":"instock","11":"shipping-taxable","12":"purchasable","13":"product-type-simple"},"_links":{"self":[{"href":"https:\/\/rchcc83.mediassos.fr\/en\/wp-json\/wp\/v2\/product\/9479","targetHints":{"allow":["GET"]}}],"collection":[{"href":"https:\/\/rchcc83.mediassos.fr\/en\/wp-json\/wp\/v2\/product"}],"about":[{"href":"https:\/\/rchcc83.mediassos.fr\/en\/wp-json\/wp\/v2\/types\/product"}],"replies":[{"embeddable":true,"href":"https:\/\/rchcc83.mediassos.fr\/en\/wp-json\/wp\/v2\/comments?post=9479"}],"version-history":[{"count":5,"href":"https:\/\/rchcc83.mediassos.fr\/en\/wp-json\/wp\/v2\/product\/9479\/revisions"}],"predecessor-version":[{"id":9489,"href":"https:\/\/rchcc83.mediassos.fr\/en\/wp-json\/wp\/v2\/product\/9479\/revisions\/9489"}],"wp:featuredmedia":[{"embeddable":true,"href":"https:\/\/rchcc83.mediassos.fr\/en\/wp-json\/wp\/v2\/media\/9481"}],"wp:attachment":[{"href":"https:\/\/rchcc83.mediassos.fr\/en\/wp-json\/wp\/v2\/media?parent=9479"}],"wp:term":[{"taxonomy":"product_brand","embeddable":true,"href":"https:\/\/rchcc83.mediassos.fr\/en\/wp-json\/wp\/v2\/product_brand?post=9479"},{"taxonomy":"product_cat","embeddable":true,"href":"https:\/\/rchcc83.mediassos.fr\/en\/wp-json\/wp\/v2\/product_cat?post=9479"},{"taxonomy":"product_tag","embeddable":true,"href":"https:\/\/rchcc83.mediassos.fr\/en\/wp-json\/wp\/v2\/product_tag?post=9479"}],"curies":[{"name":"wp","href":"https:\/\/api.w.org\/{rel}","templated":true}]}}