{"id":9494,"date":"2026-03-25T11:51:54","date_gmt":"2026-03-25T10:51:54","guid":{"rendered":"https:\/\/rchcc83.mediassos.fr\/?post_type=product&#038;p=9494"},"modified":"2026-03-25T15:57:21","modified_gmt":"2026-03-25T14:57:21","slug":"9494","status":"publish","type":"product","link":"https:\/\/rchcc83.mediassos.fr\/en\/product\/9494\/","title":{"rendered":"Casquette Supporter RCHCC83"},"content":{"rendered":"<p>Casquette supporter personnalis\u00e9e aux couleurs de RCHCC83 (vert-jaune) et au logo du Club.<\/p>\n<ul>\n<li>Compos\u00e9e de 5 panneaux 100% coton<\/li>\n<li>Ajusteur \u00e0 l&rsquo;arri\u00e8re<\/li>\n<li>\u0152illets d&rsquo;a\u00e9ration lat\u00e9raux.<\/li>\n<\/ul>","protected":false},"excerpt":{"rendered":"<p>Casquette supporter personnalis\u00e9e aux couleurs de RCHCC83 (vert-jaune) et au logo du Club.<\/p>","protected":false},"featured_media":9500,"comment_status":"open","ping_status":"closed","template":"","meta":{"rs_blank_template":"","rs_page_bg_color":"","slide_template_v7":"","inline_featured_image":false},"product_brand":[],"product_cat":[143,146],"product_tag":[],"class_list":{"0":"post-9494","1":"product","2":"type-product","3":"status-publish","4":"has-post-thumbnail","6":"product_cat-le-coin-des-boucans","7":"product_cat-goodies","9":"first","10":"instock","11":"shipping-taxable","12":"purchasable","13":"product-type-simple"},"_links":{"self":[{"href":"https:\/\/rchcc83.mediassos.fr\/en\/wp-json\/wp\/v2\/product\/9494","targetHints":{"allow":["GET"]}}],"collection":[{"href":"https:\/\/rchcc83.mediassos.fr\/en\/wp-json\/wp\/v2\/product"}],"about":[{"href":"https:\/\/rchcc83.mediassos.fr\/en\/wp-json\/wp\/v2\/types\/product"}],"replies":[{"embeddable":true,"href":"https:\/\/rchcc83.mediassos.fr\/en\/wp-json\/wp\/v2\/comments?post=9494"}],"version-history":[{"count":6,"href":"https:\/\/rchcc83.mediassos.fr\/en\/wp-json\/wp\/v2\/product\/9494\/revisions"}],"predecessor-version":[{"id":9546,"href":"https:\/\/rchcc83.mediassos.fr\/en\/wp-json\/wp\/v2\/product\/9494\/revisions\/9546"}],"wp:featuredmedia":[{"embeddable":true,"href":"https:\/\/rchcc83.mediassos.fr\/en\/wp-json\/wp\/v2\/media\/9500"}],"wp:attachment":[{"href":"https:\/\/rchcc83.mediassos.fr\/en\/wp-json\/wp\/v2\/media?parent=9494"}],"wp:term":[{"taxonomy":"product_brand","embeddable":true,"href":"https:\/\/rchcc83.mediassos.fr\/en\/wp-json\/wp\/v2\/product_brand?post=9494"},{"taxonomy":"product_cat","embeddable":true,"href":"https:\/\/rchcc83.mediassos.fr\/en\/wp-json\/wp\/v2\/product_cat?post=9494"},{"taxonomy":"product_tag","embeddable":true,"href":"https:\/\/rchcc83.mediassos.fr\/en\/wp-json\/wp\/v2\/product_tag?post=9494"}],"curies":[{"name":"wp","href":"https:\/\/api.w.org\/{rel}","templated":true}]}}