{"id":9506,"date":"2026-03-25T12:30:31","date_gmt":"2026-03-25T11:30:31","guid":{"rendered":"https:\/\/rchcc83.mediassos.fr\/?post_type=product&#038;p=9506"},"modified":"2026-03-25T12:36:06","modified_gmt":"2026-03-25T11:36:06","slug":"bandana-supporter-logo-rchcc83","status":"publish","type":"product","link":"https:\/\/rchcc83.mediassos.fr\/en\/product\/bandana-supporter-logo-rchcc83\/","title":{"rendered":"Bandana Supporter Logo RCHCC83"},"content":{"rendered":"<p>\u00c9quipez-vous pour le championnat de R\u00e9gionale avec ce jolis foulards bandanas, homologu\u00e9s \u00ab\u00a0Produits Officiels RCHCC83\u00a0\u00bb !<\/p>\n<p>Dans les tribunes, vous allez marquer des points !<\/p>\n<p>N&rsquo;h\u00e9sitez pas \u00e0 les mettre partout : sur le bras, sur la t\u00eate, autour du cou&#8230; l&rsquo;important, c&rsquo;est qu&rsquo;on le voit !<\/p>\n<p>Vous pouvez compl\u00e9ter l&rsquo;\u00e9quipement avec nos t-shirts, nos casquettes&#8230;ux, et l\u00e0, vous serez un supporter accompli \ud83d\ude42<\/p>","protected":false},"excerpt":{"rendered":"<p>Foulard bandana au motif d\u00e9clin\u00e9 du logo du RCHCC83<\/p>","protected":false},"featured_media":9509,"comment_status":"open","ping_status":"closed","template":"","meta":{"rs_blank_template":"","rs_page_bg_color":"","slide_template_v7":"","inline_featured_image":false},"product_brand":[],"product_cat":[146,143,27],"product_tag":[],"class_list":{"0":"post-9506","1":"product","2":"type-product","3":"status-publish","4":"has-post-thumbnail","6":"product_cat-goodies","7":"product_cat-le-coin-des-boucans","8":"product_cat-non-classe","10":"first","11":"instock","12":"shipping-taxable","13":"purchasable","14":"product-type-simple"},"_links":{"self":[{"href":"https:\/\/rchcc83.mediassos.fr\/en\/wp-json\/wp\/v2\/product\/9506","targetHints":{"allow":["GET"]}}],"collection":[{"href":"https:\/\/rchcc83.mediassos.fr\/en\/wp-json\/wp\/v2\/product"}],"about":[{"href":"https:\/\/rchcc83.mediassos.fr\/en\/wp-json\/wp\/v2\/types\/product"}],"replies":[{"embeddable":true,"href":"https:\/\/rchcc83.mediassos.fr\/en\/wp-json\/wp\/v2\/comments?post=9506"}],"version-history":[{"count":3,"href":"https:\/\/rchcc83.mediassos.fr\/en\/wp-json\/wp\/v2\/product\/9506\/revisions"}],"predecessor-version":[{"id":9511,"href":"https:\/\/rchcc83.mediassos.fr\/en\/wp-json\/wp\/v2\/product\/9506\/revisions\/9511"}],"wp:featuredmedia":[{"embeddable":true,"href":"https:\/\/rchcc83.mediassos.fr\/en\/wp-json\/wp\/v2\/media\/9509"}],"wp:attachment":[{"href":"https:\/\/rchcc83.mediassos.fr\/en\/wp-json\/wp\/v2\/media?parent=9506"}],"wp:term":[{"taxonomy":"product_brand","embeddable":true,"href":"https:\/\/rchcc83.mediassos.fr\/en\/wp-json\/wp\/v2\/product_brand?post=9506"},{"taxonomy":"product_cat","embeddable":true,"href":"https:\/\/rchcc83.mediassos.fr\/en\/wp-json\/wp\/v2\/product_cat?post=9506"},{"taxonomy":"product_tag","embeddable":true,"href":"https:\/\/rchcc83.mediassos.fr\/en\/wp-json\/wp\/v2\/product_tag?post=9506"}],"curies":[{"name":"wp","href":"https:\/\/api.w.org\/{rel}","templated":true}]}}